{"id":1498,"date":"2024-01-10T08:37:10","date_gmt":"2024-01-10T07:37:10","guid":{"rendered":"https:\/\/www.starlinkparaguay.com\/beta\/?page_id=1498"},"modified":"2024-02-28T05:36:24","modified_gmt":"2024-02-28T04:36:24","slug":"itinerante","status":"publish","type":"page","link":"https:\/\/www.wiplay.com.py\/?page_id=1498","title":{"rendered":"Itinerante"},"content":{"rendered":"\t\t<div data-elementor-type=\"wp-page\" data-elementor-id=\"1498\" class=\"elementor elementor-1498\" data-elementor-post-type=\"page\">\n\t\t\t\t\t\t\t\t\t<section class=\"elementor-section elementor-top-section elementor-element elementor-element-aae0cf1 elementor-section-full_width elementor-section-height-full elementor-section-stretched elementor-section-height-default elementor-section-items-middle\" data-id=\"aae0cf1\" data-element_type=\"section\" data-settings=\"{&quot;stretch_section&quot;:&quot;section-stretched&quot;,&quot;background_background&quot;:&quot;classic&quot;}\">\n\t\t\t\t\t\t\t<div class=\"elementor-background-overlay\"><\/div>\n\t\t\t\t\t\t\t<div class=\"elementor-container elementor-column-gap-default\">\n\t\t\t\t\t<div class=\"elementor-column elementor-col-100 elementor-top-column elementor-element elementor-element-98b83eb\" data-id=\"98b83eb\" data-element_type=\"column\">\n\t\t\t<div class=\"elementor-widget-wrap elementor-element-populated\">\n\t\t\t\t\t\t\t\t<div class=\"elementor-element elementor-element-cd282ee elementor-widget elementor-widget-image\" data-id=\"cd282ee\" data-element_type=\"widget\" data-widget_type=\"image.default\">\n\t\t\t\t<div class=\"elementor-widget-container\">\n\t\t\t<style>\/*! elementor - v3.18.0 - 20-12-2023 *\/\n.elementor-widget-image{text-align:center}.elementor-widget-image a{display:inline-block}.elementor-widget-image a img[src$=\".svg\"]{width:48px}.elementor-widget-image img{vertical-align:middle;display:inline-block}<\/style>\t\t\t\t\t\t\t\t\t\t\t\t<img decoding=\"async\" width=\"400\" height=\"75\" src=\"https:\/\/www.wiplay.com.py\/wp-content\/uploads\/2024\/01\/logo_light.svg\" class=\"attachment-large size-large wp-image-1168\" alt=\"\" \/>\t\t\t\t\t\t\t\t\t\t\t\t\t\t\t<\/div>\n\t\t\t\t<\/div>\n\t\t\t\t<div class=\"elementor-element elementor-element-0e304b2 elementor-widget elementor-widget-heading\" data-id=\"0e304b2\" data-element_type=\"widget\" data-widget_type=\"heading.default\">\n\t\t\t\t<div class=\"elementor-widget-container\">\n\t\t\t<style>\/*! elementor - v3.18.0 - 20-12-2023 *\/\n.elementor-heading-title{padding:0;margin:0;line-height:1}.elementor-widget-heading .elementor-heading-title[class*=elementor-size-]>a{color:inherit;font-size:inherit;line-height:inherit}.elementor-widget-heading .elementor-heading-title.elementor-size-small{font-size:15px}.elementor-widget-heading .elementor-heading-title.elementor-size-medium{font-size:19px}.elementor-widget-heading .elementor-heading-title.elementor-size-large{font-size:29px}.elementor-widget-heading .elementor-heading-title.elementor-size-xl{font-size:39px}.elementor-widget-heading .elementor-heading-title.elementor-size-xxl{font-size:59px}<\/style><h2 class=\"elementor-heading-title elementor-size-default\">Starlink Itinerante<\/h2>\t\t<\/div>\n\t\t\t\t<\/div>\n\t\t\t\t<div class=\"elementor-element elementor-element-2ba1515 elementor-widget elementor-widget-text-editor\" data-id=\"2ba1515\" data-element_type=\"widget\" data-widget_type=\"text-editor.default\">\n\t\t\t\t<div class=\"elementor-widget-container\">\n\t\t\t<style>\/*! elementor - v3.18.0 - 20-12-2023 *\/\n.elementor-widget-text-editor.elementor-drop-cap-view-stacked .elementor-drop-cap{background-color:#69727d;color:#fff}.elementor-widget-text-editor.elementor-drop-cap-view-framed .elementor-drop-cap{color:#69727d;border:3px solid;background-color:transparent}.elementor-widget-text-editor:not(.elementor-drop-cap-view-default) .elementor-drop-cap{margin-top:8px}.elementor-widget-text-editor:not(.elementor-drop-cap-view-default) .elementor-drop-cap-letter{width:1em;height:1em}.elementor-widget-text-editor .elementor-drop-cap{float:left;text-align:center;line-height:1;font-size:50px}.elementor-widget-text-editor .elementor-drop-cap-letter{display:inline-block}<\/style>\t\t\t\tInternet de alta velocidad y baja latencia seg\u00fan sea necesario <br>en cualquier destino donde Starlink brinde cobertura activa.\t\t\t\t\t\t<\/div>\n\t\t\t\t<\/div>\n\t\t\t\t<div class=\"elementor-element elementor-element-70c93ab elementor-align-center elementor-widget elementor-widget-button\" data-id=\"70c93ab\" data-element_type=\"widget\" data-widget_type=\"button.default\">\n\t\t\t\t<div class=\"elementor-widget-container\">\n\t\t\t\t\t<div class=\"elementor-button-wrapper\">\n\t\t\t<a class=\"elementor-button elementor-button-link elementor-size-lg\" href=\"https:\/\/wa.me\/987100290\">\n\t\t\t\t\t\t<span class=\"elementor-button-content-wrapper\">\n\t\t\t\t\t\t<span class=\"elementor-button-icon elementor-align-icon-right\">\n\t\t\t\t<svg aria-hidden=\"true\" class=\"e-font-icon-svg e-fas-arrow-right\" viewBox=\"0 0 448 512\" xmlns=\"http:\/\/www.w3.org\/2000\/svg\"><path d=\"M190.5 66.9l22.2-22.2c9.4-9.4 24.6-9.4 33.9 0L441 239c9.4 9.4 9.4 24.6 0 33.9L246.6 467.3c-9.4 9.4-24.6 9.4-33.9 0l-22.2-22.2c-9.5-9.5-9.3-25 .4-34.3L311.4 296H24c-13.3 0-24-10.7-24-24v-32c0-13.3 10.7-24 24-24h287.4L190.9 101.2c-9.8-9.3-10-24.8-.4-34.3z\"><\/path><\/svg>\t\t\t<\/span>\n\t\t\t\t\t\t<span class=\"elementor-button-text\">Cont\u00e1ctenos<\/span>\n\t\t<\/span>\n\t\t\t\t\t<\/a>\n\t\t<\/div>\n\t\t\t\t<\/div>\n\t\t\t\t<\/div>\n\t\t\t\t\t<\/div>\n\t\t<\/div>\n\t\t\t\t\t\t\t<\/div>\n\t\t<\/section>\n\t\t\t\t<section class=\"elementor-section elementor-top-section elementor-element elementor-element-e08315a elementor-section-full_width elementor-section-height-min-height elementor-section-content-middle elementor-section-height-default elementor-section-items-middle\" data-id=\"e08315a\" data-element_type=\"section\" data-settings=\"{&quot;background_background&quot;:&quot;classic&quot;}\">\n\t\t\t\t\t\t\t<div class=\"elementor-background-overlay\"><\/div>\n\t\t\t\t\t\t\t<div class=\"elementor-container elementor-column-gap-default\">\n\t\t\t\t\t<div class=\"elementor-column elementor-col-50 elementor-top-column elementor-element elementor-element-7759dc0\" data-id=\"7759dc0\" data-element_type=\"column\">\n\t\t\t<div class=\"elementor-widget-wrap elementor-element-populated\">\n\t\t\t\t\t\t\t\t<div class=\"elementor-element elementor-element-9ba042f elementor-widget elementor-widget-image\" data-id=\"9ba042f\" data-element_type=\"widget\" data-widget_type=\"image.default\">\n\t\t\t\t<div class=\"elementor-widget-container\">\n\t\t\t\t\t\t\t\t\t\t\t\t\t\t\t<img fetchpriority=\"high\" decoding=\"async\" width=\"525\" height=\"591\" src=\"https:\/\/www.wiplay.com.py\/wp-content\/uploads\/2024\/01\/rv_inmotion_module_desktop-910x1024.webp\" class=\"attachment-large size-large wp-image-1592\" alt=\"\" srcset=\"https:\/\/www.wiplay.com.py\/wp-content\/uploads\/2024\/01\/rv_inmotion_module_desktop-910x1024.webp 910w, https:\/\/www.wiplay.com.py\/wp-content\/uploads\/2024\/01\/rv_inmotion_module_desktop-267x300.webp 267w, https:\/\/www.wiplay.com.py\/wp-content\/uploads\/2024\/01\/rv_inmotion_module_desktop-768x864.webp 768w, https:\/\/www.wiplay.com.py\/wp-content\/uploads\/2024\/01\/rv_inmotion_module_desktop-1365x1536.webp 1365w, https:\/\/www.wiplay.com.py\/wp-content\/uploads\/2024\/01\/rv_inmotion_module_desktop-1820x2048.webp 1820w, https:\/\/www.wiplay.com.py\/wp-content\/uploads\/2024\/01\/rv_inmotion_module_desktop.webp 1920w\" sizes=\"(max-width: 525px) 100vw, 525px\" \/>\t\t\t\t\t\t\t\t\t\t\t\t\t\t\t<\/div>\n\t\t\t\t<\/div>\n\t\t\t\t\t<\/div>\n\t\t<\/div>\n\t\t\t\t<div class=\"elementor-column elementor-col-50 elementor-top-column elementor-element elementor-element-0eb2886\" data-id=\"0eb2886\" data-element_type=\"column\">\n\t\t\t<div class=\"elementor-widget-wrap elementor-element-populated\">\n\t\t\t\t\t\t\t\t<div class=\"elementor-element elementor-element-fc8e41f elementor-widget elementor-widget-heading\" data-id=\"fc8e41f\" data-element_type=\"widget\" data-widget_type=\"heading.default\">\n\t\t\t\t<div class=\"elementor-widget-container\">\n\t\t\t<h3 class=\"elementor-heading-title elementor-size-default\">Uso en movimiento<\/h3>\t\t<\/div>\n\t\t\t\t<\/div>\n\t\t\t\t<div class=\"elementor-element elementor-element-c4d0d09 elementor-widget elementor-widget-text-editor\" data-id=\"c4d0d09\" data-element_type=\"widget\" data-widget_type=\"text-editor.default\">\n\t\t\t\t<div class=\"elementor-widget-container\">\n\t\t\t\t\t\t\t<p>Flat High Performance Starlink permite a los usuarios disfrutar de Internet de alta velocidad y baja latencia mientras est\u00e1n en movimiento.<\/p><p>Con un amplio campo de visi\u00f3n y capacidades GPS mejoradas, Starlink High Performance Flat puede conectarse a m\u00e1s sat\u00e9lites, lo que permite una conectividad constante en movimiento.<\/p><p>El equipo est\u00e1 dise\u00f1ado para una instalaci\u00f3n permanente en su veh\u00edculo y es resistente en entornos hostiles.<\/p><p>Actualmente disponible para ordenar y usar en mercados selectos.<\/p>\t\t\t\t\t\t<\/div>\n\t\t\t\t<\/div>\n\t\t\t\t\t<\/div>\n\t\t<\/div>\n\t\t\t\t\t\t\t<\/div>\n\t\t<\/section>\n\t\t\t\t<section class=\"elementor-section elementor-top-section elementor-element elementor-element-6cdf5d1 elementor-section-full_width elementor-section-height-min-height elementor-section-content-middle elementor-section-height-default elementor-section-items-middle\" data-id=\"6cdf5d1\" data-element_type=\"section\" data-settings=\"{&quot;background_background&quot;:&quot;classic&quot;}\">\n\t\t\t\t\t\t\t<div class=\"elementor-background-overlay\"><\/div>\n\t\t\t\t\t\t\t<div class=\"elementor-container elementor-column-gap-default\">\n\t\t\t\t\t<div class=\"elementor-column elementor-col-50 elementor-top-column elementor-element elementor-element-cd9e379\" data-id=\"cd9e379\" data-element_type=\"column\">\n\t\t\t<div class=\"elementor-widget-wrap elementor-element-populated\">\n\t\t\t\t\t\t\t\t<div class=\"elementor-element elementor-element-fb75c86 elementor-widget elementor-widget-heading\" data-id=\"fb75c86\" data-element_type=\"widget\" data-widget_type=\"heading.default\">\n\t\t\t\t<div class=\"elementor-widget-container\">\n\t\t\t<h3 class=\"elementor-heading-title elementor-size-default\">Uso port\u00e1til<\/h3>\t\t<\/div>\n\t\t\t\t<\/div>\n\t\t\t\t<div class=\"elementor-element elementor-element-20ca074 elementor-widget elementor-widget-text-editor\" data-id=\"20ca074\" data-element_type=\"widget\" data-widget_type=\"text-editor.default\">\n\t\t\t\t<div class=\"elementor-widget-container\">\n\t\t\t\t\t\t\t<p>Starlink Standard est\u00e1 dise\u00f1ado para uso port\u00e1til en cualquier destino donde Starlink tenga cobertura activa. Con un f\u00e1cil montaje y desmontaje, Starlink ofrece acceso a Internet de alta velocidad y baja latencia en minutos y se empaqueta r\u00e1pidamente cuando llega el momento de dirigirse a su pr\u00f3ximo destino.<\/p><p>Starlink Standard no est\u00e1 dise\u00f1ado para usarse en movimiento.<\/p>\t\t\t\t\t\t<\/div>\n\t\t\t\t<\/div>\n\t\t\t\t\t<\/div>\n\t\t<\/div>\n\t\t\t\t<div class=\"elementor-column elementor-col-50 elementor-top-column elementor-element elementor-element-d117765\" data-id=\"d117765\" data-element_type=\"column\" data-settings=\"{&quot;background_background&quot;:&quot;classic&quot;}\">\n\t\t\t<div class=\"elementor-widget-wrap elementor-element-populated\">\n\t\t\t\t\t\t\t\t<div class=\"elementor-element elementor-element-3ec49b8 elementor-widget elementor-widget-image\" data-id=\"3ec49b8\" data-element_type=\"widget\" data-widget_type=\"image.default\">\n\t\t\t\t<div class=\"elementor-widget-container\">\n\t\t\t\t\t\t\t\t\t\t\t\t\t\t\t<img decoding=\"async\" width=\"1365\" height=\"1536\" src=\"https:\/\/www.wiplay.com.py\/wp-content\/uploads\/2024\/01\/rv_portable_module_desktop-1365x1536.webp\" class=\"attachment-1536x1536 size-1536x1536 wp-image-1603\" alt=\"\" srcset=\"https:\/\/www.wiplay.com.py\/wp-content\/uploads\/2024\/01\/rv_portable_module_desktop-1365x1536.webp 1365w, https:\/\/www.wiplay.com.py\/wp-content\/uploads\/2024\/01\/rv_portable_module_desktop-267x300.webp 267w, https:\/\/www.wiplay.com.py\/wp-content\/uploads\/2024\/01\/rv_portable_module_desktop-910x1024.webp 910w, https:\/\/www.wiplay.com.py\/wp-content\/uploads\/2024\/01\/rv_portable_module_desktop-768x864.webp 768w, https:\/\/www.wiplay.com.py\/wp-content\/uploads\/2024\/01\/rv_portable_module_desktop-1820x2048.webp 1820w, https:\/\/www.wiplay.com.py\/wp-content\/uploads\/2024\/01\/rv_portable_module_desktop.webp 1920w\" sizes=\"(max-width: 1365px) 100vw, 1365px\" \/>\t\t\t\t\t\t\t\t\t\t\t\t\t\t\t<\/div>\n\t\t\t\t<\/div>\n\t\t\t\t\t<\/div>\n\t\t<\/div>\n\t\t\t\t\t\t\t<\/div>\n\t\t<\/section>\n\t\t\t\t<section class=\"elementor-section elementor-top-section elementor-element elementor-element-ca7b7b1 elementor-section-full_width elementor-section-content-middle elementor-section-height-min-height elementor-section-height-default elementor-section-items-middle\" data-id=\"ca7b7b1\" data-element_type=\"section\" data-settings=\"{&quot;background_background&quot;:&quot;classic&quot;}\">\n\t\t\t\t\t\t\t<div class=\"elementor-background-overlay\"><\/div>\n\t\t\t\t\t\t\t<div class=\"elementor-container elementor-column-gap-default\">\n\t\t\t\t\t<div class=\"elementor-column elementor-col-50 elementor-top-column elementor-element elementor-element-3714081\" data-id=\"3714081\" data-element_type=\"column\">\n\t\t\t<div class=\"elementor-widget-wrap elementor-element-populated\">\n\t\t\t\t\t\t\t\t<div class=\"elementor-element elementor-element-80344e8 elementor-widget elementor-widget-image\" data-id=\"80344e8\" data-element_type=\"widget\" data-widget_type=\"image.default\">\n\t\t\t\t<div class=\"elementor-widget-container\">\n\t\t\t\t\t\t\t\t\t\t\t\t\t\t\t<img loading=\"lazy\" decoding=\"async\" width=\"1365\" height=\"1536\" src=\"https:\/\/www.wiplay.com.py\/wp-content\/uploads\/2024\/01\/rv_easysetup_module_desktop-1365x1536.png\" class=\"attachment-1536x1536 size-1536x1536 wp-image-1620\" alt=\"\" srcset=\"https:\/\/www.wiplay.com.py\/wp-content\/uploads\/2024\/01\/rv_easysetup_module_desktop-1365x1536.png 1365w, https:\/\/www.wiplay.com.py\/wp-content\/uploads\/2024\/01\/rv_easysetup_module_desktop-267x300.png 267w, https:\/\/www.wiplay.com.py\/wp-content\/uploads\/2024\/01\/rv_easysetup_module_desktop-910x1024.png 910w, https:\/\/www.wiplay.com.py\/wp-content\/uploads\/2024\/01\/rv_easysetup_module_desktop-768x864.png 768w, https:\/\/www.wiplay.com.py\/wp-content\/uploads\/2024\/01\/rv_easysetup_module_desktop-1820x2048.png 1820w, https:\/\/www.wiplay.com.py\/wp-content\/uploads\/2024\/01\/rv_easysetup_module_desktop.png 1920w\" sizes=\"(max-width: 1365px) 100vw, 1365px\" \/>\t\t\t\t\t\t\t\t\t\t\t\t\t\t\t<\/div>\n\t\t\t\t<\/div>\n\t\t\t\t\t<\/div>\n\t\t<\/div>\n\t\t\t\t<div class=\"elementor-column elementor-col-50 elementor-top-column elementor-element elementor-element-f8eb317\" data-id=\"f8eb317\" data-element_type=\"column\">\n\t\t\t<div class=\"elementor-widget-wrap elementor-element-populated\">\n\t\t\t\t\t\t\t\t<div class=\"elementor-element elementor-element-e3e2813 elementor-widget elementor-widget-heading\" data-id=\"e3e2813\" data-element_type=\"widget\" data-widget_type=\"heading.default\">\n\t\t\t\t<div class=\"elementor-widget-container\">\n\t\t\t<h3 class=\"elementor-heading-title elementor-size-default\">Trabajar y jugar en ubicaciones remotas<\/h3>\t\t<\/div>\n\t\t\t\t<\/div>\n\t\t\t\t<div class=\"elementor-element elementor-element-a9668b0 elementor-widget elementor-widget-text-editor\" data-id=\"a9668b0\" data-element_type=\"widget\" data-widget_type=\"text-editor.default\">\n\t\t\t\t<div class=\"elementor-widget-container\">\n\t\t\t\t\t\t\t<p>Viaje a lugares donde la conectividad no sea confiable o no est\u00e9 disponible en absoluto. Como plan Regional, puedes usar Starlink en tu continente y el plan Global te permite usarlo en todo el mundo, donde quieras que Starlink brinde servicios.<\/p><p>Para obtener m\u00e1s informaci\u00f3n sobre la disponibilidad de Starlink Travel.<\/p>\t\t\t\t\t\t<\/div>\n\t\t\t\t<\/div>\n\t\t\t\t\t<\/div>\n\t\t<\/div>\n\t\t\t\t\t\t\t<\/div>\n\t\t<\/section>\n\t\t<div class=\"elementor-element elementor-element-1725964 e-con-full e-flex e-con e-parent\" data-id=\"1725964\" data-element_type=\"container\" data-settings=\"{&quot;content_width&quot;:&quot;full&quot;}\" data-core-v316-plus=\"true\">\n\t\t<div class=\"elementor-element elementor-element-6af60dd e-con-full e-flex e-con e-child\" data-id=\"6af60dd\" data-element_type=\"container\" data-settings=\"{&quot;content_width&quot;:&quot;full&quot;}\">\n\t\t\t\t<div class=\"elementor-element elementor-element-83fcab1 elementor-widget elementor-widget-heading\" data-id=\"83fcab1\" data-element_type=\"widget\" data-widget_type=\"heading.default\">\n\t\t\t\t<div class=\"elementor-widget-container\">\n\t\t\t<h3 class=\"elementor-heading-title elementor-size-default\">Pague por uso<\/h3>\t\t<\/div>\n\t\t\t\t<\/div>\n\t\t\t\t<div class=\"elementor-element elementor-element-1e29cb4 elementor-widget elementor-widget-text-editor\" data-id=\"1e29cb4\" data-element_type=\"widget\" data-widget_type=\"text-editor.default\">\n\t\t\t\t<div class=\"elementor-widget-container\">\n\t\t\t\t\t\t\t<p>Pausar y reanudar el servicio en cualquier momento. La facturaci\u00f3n se realiza en incrementos de un mes, lo que permite a los usuarios personalizar su servicio seg\u00fan sus necesidades de viaje individuales.<\/p>\t\t\t\t\t\t<\/div>\n\t\t\t\t<\/div>\n\t\t\t\t<\/div>\n\t\t<div class=\"elementor-element elementor-element-375ee0d e-con-full e-flex e-con e-child\" data-id=\"375ee0d\" data-element_type=\"container\" data-settings=\"{&quot;content_width&quot;:&quot;full&quot;}\">\n\t\t\t\t<\/div>\n\t\t\t\t<\/div>\n\t\t\t\t<section class=\"elementor-section elementor-top-section elementor-element elementor-element-f1e791c elementor-section-full_width elementor-section-height-min-height elementor-section-content-middle elementor-section-height-default elementor-section-items-middle\" data-id=\"f1e791c\" data-element_type=\"section\" data-settings=\"{&quot;background_background&quot;:&quot;classic&quot;}\">\n\t\t\t\t\t\t\t<div class=\"elementor-background-overlay\"><\/div>\n\t\t\t\t\t\t\t<div class=\"elementor-container elementor-column-gap-default\">\n\t\t\t\t\t<div class=\"elementor-column elementor-col-50 elementor-top-column elementor-element elementor-element-55ea0ab\" data-id=\"55ea0ab\" data-element_type=\"column\">\n\t\t\t<div class=\"elementor-widget-wrap elementor-element-populated\">\n\t\t\t\t\t\t\t\t<div class=\"elementor-element elementor-element-4155155 elementor-widget elementor-widget-image\" data-id=\"4155155\" data-element_type=\"widget\" data-widget_type=\"image.default\">\n\t\t\t\t<div class=\"elementor-widget-container\">\n\t\t\t\t\t\t\t\t\t\t\t\t\t\t\t<img loading=\"lazy\" decoding=\"async\" width=\"525\" height=\"591\" src=\"https:\/\/www.wiplay.com.py\/wp-content\/uploads\/2024\/01\/rv_easysetup_module_desktop-910x1024.webp\" class=\"attachment-large size-large wp-image-1616\" alt=\"\" srcset=\"https:\/\/www.wiplay.com.py\/wp-content\/uploads\/2024\/01\/rv_easysetup_module_desktop-910x1024.webp 910w, https:\/\/www.wiplay.com.py\/wp-content\/uploads\/2024\/01\/rv_easysetup_module_desktop-267x300.webp 267w, https:\/\/www.wiplay.com.py\/wp-content\/uploads\/2024\/01\/rv_easysetup_module_desktop-768x864.webp 768w, https:\/\/www.wiplay.com.py\/wp-content\/uploads\/2024\/01\/rv_easysetup_module_desktop-1365x1536.webp 1365w, https:\/\/www.wiplay.com.py\/wp-content\/uploads\/2024\/01\/rv_easysetup_module_desktop-1820x2048.webp 1820w, https:\/\/www.wiplay.com.py\/wp-content\/uploads\/2024\/01\/rv_easysetup_module_desktop.webp 1920w\" sizes=\"(max-width: 525px) 100vw, 525px\" \/>\t\t\t\t\t\t\t\t\t\t\t\t\t\t\t<\/div>\n\t\t\t\t<\/div>\n\t\t\t\t\t<\/div>\n\t\t<\/div>\n\t\t\t\t<div class=\"elementor-column elementor-col-50 elementor-top-column elementor-element elementor-element-899821e\" data-id=\"899821e\" data-element_type=\"column\">\n\t\t\t<div class=\"elementor-widget-wrap elementor-element-populated\">\n\t\t\t\t\t\t\t\t<div class=\"elementor-element elementor-element-93698fd elementor-widget elementor-widget-heading\" data-id=\"93698fd\" data-element_type=\"widget\" data-widget_type=\"heading.default\">\n\t\t\t\t<div class=\"elementor-widget-container\">\n\t\t\t<h3 class=\"elementor-heading-title elementor-size-default\">F\u00e1cil de configurar<\/h3>\t\t<\/div>\n\t\t\t\t<\/div>\n\t\t\t\t<div class=\"elementor-element elementor-element-fd7a2e7 elementor-widget elementor-widget-text-editor\" data-id=\"fd7a2e7\" data-element_type=\"widget\" data-widget_type=\"text-editor.default\">\n\t\t\t\t<div class=\"elementor-widget-container\">\n\t\t\t\t\t\t\t<p>El Starlink est\u00e1ndar se env\u00eda de inmediato y llega con todo lo que necesita para conectarse en cuesti\u00f3n de minutos.<\/p><p>El Starlink plano de alto rendimiento para uso en movimiento est\u00e1 actualmente disponible para pedidos en mercados selectos.<\/p><p>Tanto Starlink Standard como Starlink High Performance Flat requieren una vista despejada del cielo para conectarse. Descarga la aplicaci\u00f3n Starlink para determinar el mejor posicionamiento para tu ubicaci\u00f3n.<\/p>\t\t\t\t\t\t<\/div>\n\t\t\t\t<\/div>\n\t\t\t\t\t<\/div>\n\t\t<\/div>\n\t\t\t\t\t\t\t<\/div>\n\t\t<\/section>\n\t\t\t\t\t\t\t<\/div>\n\t\t","protected":false},"excerpt":{"rendered":"<p>Starlink Itinerante Internet de alta velocidad y baja latencia seg\u00fan sea necesario en cualquier destino donde Starlink brinde cobertura activa. Cont\u00e1ctenos Uso en movimiento Flat High Performance Starlink permite a los usuarios disfrutar de Internet de alta velocidad y baja latencia mientras est\u00e1n en movimiento. Con un amplio campo de visi\u00f3n y capacidades GPS mejoradas, [&hellip;]<\/p>\n","protected":false},"author":1,"featured_media":0,"parent":0,"menu_order":0,"comment_status":"closed","ping_status":"closed","template":"tpl-default-elementor.php","meta":{"inline_featured_image":false,"footnotes":""},"class_list":["post-1498","page","type-page","status-publish","hentry"],"_links":{"self":[{"href":"https:\/\/www.wiplay.com.py\/index.php?rest_route=\/wp\/v2\/pages\/1498","targetHints":{"allow":["GET"]}}],"collection":[{"href":"https:\/\/www.wiplay.com.py\/index.php?rest_route=\/wp\/v2\/pages"}],"about":[{"href":"https:\/\/www.wiplay.com.py\/index.php?rest_route=\/wp\/v2\/types\/page"}],"author":[{"embeddable":true,"href":"https:\/\/www.wiplay.com.py\/index.php?rest_route=\/wp\/v2\/users\/1"}],"replies":[{"embeddable":true,"href":"https:\/\/www.wiplay.com.py\/index.php?rest_route=%2Fwp%2Fv2%2Fcomments&post=1498"}],"version-history":[{"count":61,"href":"https:\/\/www.wiplay.com.py\/index.php?rest_route=\/wp\/v2\/pages\/1498\/revisions"}],"predecessor-version":[{"id":1770,"href":"https:\/\/www.wiplay.com.py\/index.php?rest_route=\/wp\/v2\/pages\/1498\/revisions\/1770"}],"wp:attachment":[{"href":"https:\/\/www.wiplay.com.py\/index.php?rest_route=%2Fwp%2Fv2%2Fmedia&parent=1498"}],"curies":[{"name":"wp","href":"https:\/\/api.w.org\/{rel}","templated":true}]}}