{"id":16,"date":"2022-10-05T02:24:47","date_gmt":"2022-10-05T02:24:47","guid":{"rendered":"https:\/\/vosio.wealcoder.com\/?page_id=16"},"modified":"2024-01-12T17:36:46","modified_gmt":"2024-01-12T16:36:46","slug":"home-01","status":"publish","type":"page","link":"https:\/\/www.wiplay.com.py\/","title":{"rendered":"Inicio"},"content":{"rendered":"\t\t<div data-elementor-type=\"wp-page\" data-elementor-id=\"16\" class=\"elementor elementor-16\" data-elementor-post-type=\"page\">\n\t\t\t\t\t\t\t\t\t<section class=\"elementor-section elementor-top-section elementor-element elementor-element-dc8f8cd elementor-section-full_width elementor-section-height-full elementor-section-content-middle elementor-section-stretched elementor-section-items-top elementor-section-height-default\" data-id=\"dc8f8cd\" data-element_type=\"section\" data-settings=\"{&quot;stretch_section&quot;:&quot;section-stretched&quot;}\">\n\t\t\t\t\t\t<div class=\"elementor-container elementor-column-gap-default\">\n\t\t\t\t\t<div class=\"elementor-column elementor-col-100 elementor-top-column elementor-element elementor-element-fcde657\" data-id=\"fcde657\" data-element_type=\"column\" data-settings=\"{&quot;background_background&quot;:&quot;classic&quot;}\">\n\t\t\t<div class=\"elementor-widget-wrap elementor-element-populated\">\n\t\t\t\t\t\t\t\t<div class=\"elementor-element elementor-element-c65c0ef elementor-widget elementor-widget-theme-site-logo elementor-widget-image\" data-id=\"c65c0ef\" data-element_type=\"widget\" data-widget_type=\"theme-site-logo.default\">\n\t\t\t\t<div class=\"elementor-widget-container\">\n\t\t\t<style>\/*! elementor - v3.18.0 - 20-12-2023 *\/\n.elementor-widget-image{text-align:center}.elementor-widget-image a{display:inline-block}.elementor-widget-image a img[src$=\".svg\"]{width:48px}.elementor-widget-image img{vertical-align:middle;display:inline-block}<\/style>\t\t\t\t\t\t\t\t<a href=\"https:\/\/www.wiplay.com.py\">\n\t\t\t<img decoding=\"async\" width=\"400\" height=\"75\" src=\"https:\/\/www.wiplay.com.py\/wp-content\/uploads\/2024\/01\/logo_light.svg\" class=\"attachment-full size-full wp-image-1168\" alt=\"\" \/>\t\t\t\t<\/a>\n\t\t\t\t\t\t\t\t\t\t\t<\/div>\n\t\t\t\t<\/div>\n\t\t\t\t<div class=\"elementor-element elementor-element-9c4c9ba elementor-widget__width-inherit elementor-widget elementor-widget-vosio_banner_v1\" data-id=\"9c4c9ba\" data-element_type=\"widget\" data-widget_type=\"vosio_banner_v1.default\">\n\t\t\t\t<div class=\"elementor-widget-container\">\n\t\t\t\t\r\n    <!-- Banner Section -->\r\n    <section class=\"banner-section\">\r\n        \r\n        <div class=\"banner-container\">\r\n            <div class=\"banner-slider owl-theme owl-carousel\">\r\n                                <!--Slide Item-->\r\n                <div class=\"slide-item\">\r\n                    <div class=\"image-layer\"  style=\"background-image: url(https:\/\/www.wiplay.com.py\/wp-content\/uploads\/2024\/01\/starlink5.webp);\"><\/div>\r\n                    <div class=\"slide-bar\"><\/div>\r\n                    <div class=\"slide-count\"><span>01<\/span><\/div>\r\n                    <div class=\"auto-container\">\r\n                      <div class=\"content-box\">\r\n                            <div class=\"content\">\r\n                                <div class=\"inner\">\r\n                                    <h1><span>Starlink Paraguay<\/span><\/h1>\r\n                                    <div class=\"text\">Internet donde est\u00e9s.<\/div>\r\n                                                                        <div class=\"links-box clearfix\">\r\n                                        <div class=\"link\"><a href=\"https:\/\/wa.me\/987100290\" class=\"theme-btn btn-style-one\"><span>Cont\u00e1ctenos<i class=\"icon fa fa-arrow-right\"><\/i><\/span><\/a><\/div>\r\n                                    <\/div>\r\n                                                                    <\/div>\r\n                            <\/div>\r\n                        <\/div>\r\n                    <\/div>\r\n                <\/div>\r\n\t\t\t\t                <!--Slide Item-->\r\n                <div class=\"slide-item\">\r\n                    <div class=\"image-layer\"  style=\"background-image: url(https:\/\/www.wiplay.com.py\/wp-content\/uploads\/2024\/01\/starlink10-scaled.jpg);\"><\/div>\r\n                    <div class=\"slide-bar\"><\/div>\r\n                    <div class=\"slide-count\"><span>02<\/span><\/div>\r\n                    <div class=\"auto-container\">\r\n                      <div class=\"content-box\">\r\n                            <div class=\"content\">\r\n                                <div class=\"inner\">\r\n                                    <h1><span>Internet de alta velocidad<\/span><\/h1>\r\n                                    <div class=\"text\">Hasta en las ubicaciones m\u00e1s remotas<\/div>\r\n                                                                        <div class=\"links-box clearfix\">\r\n                                        <div class=\"link\"><a href=\"https:\/\/wa.me\/987100290\" class=\"theme-btn btn-style-one\"><span>Cont\u00e1ctenos<i class=\"icon fa fa-arrow-right\"><\/i><\/span><\/a><\/div>\r\n                                    <\/div>\r\n                                                                    <\/div>\r\n                            <\/div>\r\n                        <\/div>\r\n                    <\/div>\r\n                <\/div>\r\n\t\t\t\t                <!--Slide Item-->\r\n                <div class=\"slide-item\">\r\n                    <div class=\"image-layer\"  style=\"background-image: url(https:\/\/www.wiplay.com.py\/wp-content\/uploads\/2024\/01\/starlink1.webp);\"><\/div>\r\n                    <div class=\"slide-bar\"><\/div>\r\n                    <div class=\"slide-count\"><span>03<\/span><\/div>\r\n                    <div class=\"auto-container\">\r\n                      <div class=\"content-box\">\r\n                            <div class=\"content\">\r\n                                <div class=\"inner\">\r\n                                    <h1><span>Internet f\u00e1cil de instalar<\/span><\/h1>\r\n                                    <div class=\"text\">Dise\u00f1ado para que el mismo usuario pueda instalarlo facilmente.<\/div>\r\n                                                                        <div class=\"links-box clearfix\">\r\n                                        <div class=\"link\"><a href=\"https:\/\/wa.me\/987100290\" class=\"theme-btn btn-style-one\"><span>Cont\u00e1ctenos<i class=\"icon fa fa-arrow-right\"><\/i><\/span><\/a><\/div>\r\n                                    <\/div>\r\n                                                                    <\/div>\r\n                            <\/div>\r\n                        <\/div>\r\n                    <\/div>\r\n                <\/div>\r\n\t\t\t\t            <\/div>\r\n        <\/div>\r\n    <\/section>\r\n    <!--End Banner Section -->\r\n    \r\n\t\t\t<\/div>\n\t\t\t\t<\/div>\n\t\t\t\t\t<\/div>\n\t\t<\/div>\n\t\t\t\t\t\t\t<\/div>\n\t\t<\/section>\n\t\t\t\t\t\t\t<\/div>\n\t\t","protected":false},"excerpt":{"rendered":"<p>01 Starlink Paraguay Internet donde est\u00e9s. Cont\u00e1ctenos 02 Internet de alta velocidad Hasta en las ubicaciones m\u00e1s remotas Cont\u00e1ctenos 03 Internet f\u00e1cil de instalar Dise\u00f1ado para que el mismo usuario pueda instalarlo facilmente. Cont\u00e1ctenos<\/p>\n","protected":false},"author":1,"featured_media":0,"parent":0,"menu_order":0,"comment_status":"closed","ping_status":"closed","template":"tpl-default-elementor.php","meta":{"inline_featured_image":false,"footnotes":""},"class_list":["post-16","page","type-page","status-publish","hentry"],"_links":{"self":[{"href":"https:\/\/www.wiplay.com.py\/index.php?rest_route=\/wp\/v2\/pages\/16","targetHints":{"allow":["GET"]}}],"collection":[{"href":"https:\/\/www.wiplay.com.py\/index.php?rest_route=\/wp\/v2\/pages"}],"about":[{"href":"https:\/\/www.wiplay.com.py\/index.php?rest_route=\/wp\/v2\/types\/page"}],"author":[{"embeddable":true,"href":"https:\/\/www.wiplay.com.py\/index.php?rest_route=\/wp\/v2\/users\/1"}],"replies":[{"embeddable":true,"href":"https:\/\/www.wiplay.com.py\/index.php?rest_route=%2Fwp%2Fv2%2Fcomments&post=16"}],"version-history":[{"count":187,"href":"https:\/\/www.wiplay.com.py\/index.php?rest_route=\/wp\/v2\/pages\/16\/revisions"}],"predecessor-version":[{"id":1670,"href":"https:\/\/www.wiplay.com.py\/index.php?rest_route=\/wp\/v2\/pages\/16\/revisions\/1670"}],"wp:attachment":[{"href":"https:\/\/www.wiplay.com.py\/index.php?rest_route=%2Fwp%2Fv2%2Fmedia&parent=16"}],"curies":[{"name":"wp","href":"https:\/\/api.w.org\/{rel}","templated":true}]}}